{"id":1092,"date":"2018-02-15T00:11:37","date_gmt":"2018-02-14T22:11:37","guid":{"rendered":"https:\/\/dentix.ee\/?page_id=1092"},"modified":"2025-08-19T14:39:05","modified_gmt":"2025-08-19T11:39:05","slug":"hinnad","status":"publish","type":"page","link":"https:\/\/dentix.ee\/fi\/hinnad\/","title":{"rendered":"Hinnasto"},"content":{"rendered":"<div class=\"wpb-content-wrapper\"><p>[vc_row hide_bg_image_on_tablet=&#8221;&#8221; hide_bg_image_on_mobile=&#8221;&#8221; css=&#8221;.vc_custom_1516789411694{margin-top: -50px !important;margin-bottom: 25px !important;}&#8221; el_class=&#8221;hinnad-row-main-class&#8221;][vc_column][vc_column_text]<\/p>\n<h6 style=\"text-align: left;\"><strong>Hammastarkastus ja kuvantaminen<\/strong><\/h6>\n<p>[\/vc_column_text][\/vc_column][\/vc_row][vc_row hide_bg_image_on_tablet=&#8221;&#8221; hide_bg_image_on_mobile=&#8221;&#8221; el_class=&#8221;hinnad-list-row&#8221;][vc_column width=&#8221;7\/12&#8243; hide_bg_image_on_tablet=&#8221;&#8221; hide_bg_image_on_mobile=&#8221;&#8221; el_class=&#8221;hinnad-nimetus&#8221;][vc_column_text]<\/p>\n<ul>\n<li><span class=\"left\">Ensimm\u00e4inen tarkastus<\/span><br \/>\n<span class=\"right\">70 \u20ac<\/span><\/li>\n<li><span class=\"left\">Tarkastus (ohjaus)<\/span><br \/>\n<span class=\"right\">50 \u20ac<\/span><\/li>\n<li><span class=\"left\">Suun perustutkimus ja panoraamakuvaus<\/span><br \/>\n<span class=\"right\">100 \u20ac<\/span><\/li>\n<li><span class=\"left\">Kirjallinen hoitosuunnitelma<\/span><br \/>\n<span class=\"right\">60 \u20ac<\/span><\/li>\n<li><span class=\"left\">Digitaalinen hammasr\u00f6ntgen<\/span><br \/>\n<span class=\"right\">20 \u20ac<\/span><\/li>\n<li><span class=\"left\">Digitaalinen panoraamakuvaus (OPTG)<\/span><br \/>\n<span class=\"right\">35 \u20ac<\/span><\/li>\n<li><span class=\"left\">3D-kuvantaminen<\/span><br \/>\n<span class=\"right\">80 \u20ac<\/span><\/li>\n<li><span class=\"left\">Pintapuudutus<\/span><br \/>\n<span class=\"right\">10 \u20ac<\/span><\/li>\n<li><span class=\"left\">Infiltraatiopuudutus<\/span><br \/>\n<span class=\"right\">20 \u20ac<\/span><\/li>\n<li><span class=\"left\">Peruuttamaton vastaanottoaika<br \/>\n(ei voimassa, jos aika peruutettu 24 tuntia aikaisemmin)<br \/>\n<\/span><br \/>\n<span class=\"right\">40 \u20ac<\/span><\/li>\n<\/ul>\n<p>[\/vc_column_text][\/vc_column][\/vc_row][vc_row hide_bg_image_on_tablet=&#8221;&#8221; hide_bg_image_on_mobile=&#8221;&#8221; css=&#8221;.vc_custom_1516001952129{margin-top: 50px !important;margin-bottom: 25px !important;}&#8221;][vc_column][vc_column_text]<\/p>\n<h6 style=\"text-align: left;\"><strong>Esteettinen ja ehk\u00e4isev\u00e4 hoito<\/strong><\/h6>\n<p>[\/vc_column_text][\/vc_column][\/vc_row][vc_row el_class=&#8221;hinnad-list-row&#8221;][vc_column width=&#8221;7\/12&#8243; el_class=&#8221;hinnad-nimetus&#8221;][vc_column_text]<\/p>\n<ul>\n<li style=\"list-style: none;\"><span class=\"left\">AirFlow-soodapuhdistus, yksi hammaskaari<\/span><br \/>\n<span class=\"right\">80 \u20ac<\/span><\/li>\n<li><span class=\"left\">AirFlow-soodapuhdistus, molemmat hammaskaaret<\/span><br \/>\n<span class=\"right\">160 \u20ac<\/span><\/li>\n<li><span class=\"left\">Hammaskiven poisto, ikenen p\u00e4\u00e4lt\u00e4 (1 hammas)<\/span><br \/>\n<span class=\"right\">15 \u20ac<\/span><\/li>\n<li><span class=\"left\">Hammaskiven poisto, ikenen alta (1 hammas)<\/span><br \/>\n<span class=\"right\">20 \u20ac<\/span><\/li>\n<li><span class=\"left\">Hammaskiven poisto, yksi hammaskaari<\/span><br \/>\n<span class=\"right\">100 \u20ac<\/span><\/li>\n<li><span class=\"left\">L\u00e4\u00e4keaine enint\u00e4\u00e4n 4 ientaskuun tai limakalvolle<\/span><br \/>\n<span class=\"right\">20 \u20ac<\/span><\/li>\n<li><span class=\"left\">Yhden hampaan fluorilakkaus<\/span><br \/>\n<span class=\"right\">10 \u20ac<\/span><\/li>\n<li><span class=\"left\">Hampaiden fluorilakkaus, yksi hammaskaari<\/span><br \/>\n<span class=\"right\">50 \u20ac<\/span><\/li>\n<li><span class=\"left\">Hampaiden pastapuhdistus<\/span><br \/>\n<span class=\"right\">20 \u20ac<\/span><\/li>\n<li><span class=\"left\">Zoom 4 Hampaiden valkaisu, molemmat hammaskaaret<\/span><br \/>\n<span class=\"right\">300 \u20ac<\/span><\/li>\n<li><span class=\"left\">Valkaisumuotti kotik\u00e4ytt\u00f6\u00f6n (1 tk.)<\/span><br \/>\n<span class=\"right\">110 \u20ac<\/span><\/li>\n<li><span class=\"left\">Purentakisko<\/span><br \/>\n<span class=\"right\">200 \u20ac<\/span><\/li>\n<li><span class=\"left\">Omahoidon opastus<\/span><br \/>\n<span class=\"right\">10 \u20ac<\/span><\/li>\n<\/ul>\n<p>[\/vc_column_text][\/vc_column][\/vc_row][vc_row hide_bg_image_on_tablet=&#8221;&#8221; hide_bg_image_on_mobile=&#8221;&#8221; css=&#8221;.vc_custom_1516002147904{margin-top: 50px !important;margin-bottom: 25px !important;}&#8221;][vc_column][vc_column_text]<\/p>\n<h6 style=\"text-align: left;\"><strong>T\u00e4ytteet<\/strong><\/h6>\n<p>[\/vc_column_text][\/vc_column][\/vc_row][vc_row el_class=&#8221;hinnad-list-row&#8221;][vc_column width=&#8221;7\/12&#8243; el_class=&#8221;hinnad-nimetus&#8221;][vc_column_text]<\/p>\n<ul>\n<li style=\"list-style: none;\"><span class=\"left\">Yhdistelm\u00e4muovi, pieni<\/span><br \/>\n<span class=\"right\">100 \u20ac<\/span><\/li>\n<li><span class=\"left\">Yhdistelm\u00e4muovi, yhden pinnan t\u00e4yte<\/span><br \/>\n<span class=\"right\">120-150 \u20ac<\/span><\/li>\n<li><span class=\"left\">Yhdistelm\u00e4muovi, kahden pinnan t\u00e4yte<\/span><br \/>\n<span class=\"right\">160 \u20ac<\/span><\/li>\n<li><span class=\"left\">Yhdistelm\u00e4muovi, kolmen pinnan t\u00e4yte<\/span><br \/>\n<span class=\"right\">180 \u20ac<\/span><\/li>\n<li><span class=\"left\">Yhdistelm\u00e4muovi, purupinnalle<\/span><br \/>\n<span class=\"right\">200 \u20ac<\/span><\/li>\n<li><span class=\"left\">Hammaskruunun rakentaminen yhdistelm\u00e4muovilla alkaen<\/span><br \/>\n<span class=\"right\">200 \u20ac<\/span><\/li>\n<li><span class=\"left\">Lasi-ionomeeri, pieni<\/span><br \/>\n<span class=\"right\">50 \u20ac<\/span><\/li>\n<li><span class=\"left\">Lasi-ionomeeri, keskisuuri<\/span><br \/>\n<span class=\"right\">70 \u20ac<\/span><\/li>\n<li><span class=\"left\">Lasi-ionomeeri, suuri<\/span><br \/>\n<span class=\"right\">80 \u20ac<\/span><\/li>\n<li><span class=\"left\">Hampaan rakentaminen lasi-ionomeerilla<\/span><br \/>\n<span class=\"right\">100 \u20ac<\/span><\/li>\n<li><span class=\"left\">Biodentine-karieshoito<\/span><br \/>\n<span class=\"right\">150 \u20ac<\/span><\/li>\n<li><span class=\"left\">V\u00e4liaikainen paikka<\/span><br \/>\n<span class=\"right\">40 \u20ac<\/span><\/li>\n<\/ul>\n<p>[\/vc_column_text][\/vc_column][\/vc_row][vc_row hide_bg_image_on_tablet=&#8221;&#8221; hide_bg_image_on_mobile=&#8221;&#8221; css=&#8221;.vc_custom_1516002477413{margin-top: 50px !important;margin-bottom: 25px !important;}&#8221;][vc_column][vc_column_text]<\/p>\n<h6 style=\"text-align: left;\"><strong>Juurihoito<\/strong><\/h6>\n<p>[\/vc_column_text][\/vc_column][\/vc_row][vc_row el_class=&#8221;hinnad-list-row&#8221;][vc_column width=&#8221;7\/12&#8243; el_class=&#8221;hinnad-nimetus&#8221;][vc_column_text]<\/p>\n<ul>\n<li style=\"list-style: none;\"><span class=\"left\">Juuikanavan avaus ja laajentaminen<\/span><br \/>\n<span class=\"right\">120 \u20ac<\/span><\/li>\n<li><span class=\"left\">Seuraavien kanavien avaus ja laajentaminen<\/span><br \/>\n<span class=\"right\">80 \u20ac<\/span><\/li>\n<li><span class=\"left\">Vanhan t\u00e4ytteen poisto juurikanavasta<\/span><br \/>\n<span class=\"right\">50 \u20ac<\/span><\/li>\n<li><span class=\"left\">L\u00e4\u00e4keaine ja v\u00e4liaikainen paikka<\/span><br \/>\n<span class=\"right\">70 \u20ac<\/span><\/li>\n<li><span class=\"left\">Juurent\u00e4ytt\u00f6<\/span><br \/>\n<span class=\"right\">90 \u20ac<\/span><\/li>\n<li><span class=\"left\">Seuraavan kanavan juurent\u00e4ytt\u00f6<\/span><br \/>\n<span class=\"right\">70 \u20ac<\/span><\/li>\n<li><span class=\"left\">Hampaan esivalmistelu juurihoitoon<\/span><br \/>\n<span class=\"right\">100 \u20ac<\/span><\/li>\n<li><span class=\"left\">Lasikuitunasta<\/span><br \/>\n<span class=\"right\">100 \u20ac<\/span><\/li>\n<li><span class=\"left\">Lasikuitunasta ja hampaan restaurointi<\/span><br \/>\n<span class=\"right\">150 \u20ac<\/span><\/li>\n<li><span class=\"left\">Hampaan poisto<\/span><br \/>\n<span class=\"right\">50 \u20ac<\/span><\/li>\n<\/ul>\n<p>[\/vc_column_text][\/vc_column][\/vc_row][vc_row hide_bg_image_on_tablet=&#8221;&#8221; hide_bg_image_on_mobile=&#8221;&#8221; css=&#8221;.vc_custom_1516002732459{margin-top: 50px !important;margin-bottom: 25px !important;}&#8221;][vc_column][vc_column_text]<\/p>\n<h6 style=\"text-align: left;\"><strong>Kirurgia<\/strong><\/h6>\n<p>[\/vc_column_text][\/vc_column][\/vc_row][vc_row el_class=&#8221;hinnad-list-row&#8221;][vc_column width=&#8221;7\/12&#8243; el_class=&#8221;hinnad-nimetus&#8221;][vc_column_text]<\/p>\n<ul>\n<li style=\"list-style: none;\"><span class=\"left\">Hampaan poisto, yksijuurinen<\/span><br \/>\n<span class=\"right\">100 \u20ac<\/span><\/li>\n<li><span class=\"left\">Hampaan poisto, monijuurinen<\/span><br \/>\n<span class=\"right\">150 \u20ac<\/span><\/li>\n<li><span class=\"left\">Vaikea hampaan tai juuren poisto<\/span><br \/>\n<span class=\"right\">200 \u20ac<\/span><\/li>\n<li><span class=\"left\">Viisaudenhampaan poisto<\/span><br \/>\n<span class=\"right\">200 \u20ac<\/span><\/li>\n<li><span class=\"left\">Osittain puhjenneen viisaudenhampaan poistoleikkaus<\/span><br \/>\n<span class=\"right\">250 \u20ac<\/span><\/li>\n<li><span class=\"left\">Huuli- tai kielij\u00e4nteen katkaisu<\/span><br \/>\n<span class=\"right\">100 \u20ac<\/span><\/li>\n<li><span class=\"left\">M\u00e4rk\u00e4pes\u00e4kkeen avaaminen<\/span><br \/>\n<span class=\"right\">50 \u20ac<\/span><\/li>\n<li><span class=\"left\">Perikoroniitin hoito<\/span><br \/>\n<span class=\"right\">50 \u20ac<\/span><\/li>\n<li><span class=\"left\">Ikenen ompelu<\/span><br \/>\n<span class=\"right\">20 \u20ac<\/span><\/li>\n<li><span class=\"left\">Ompeleiden poisto, haavan tarkistus<\/span><br \/>\n<span class=\"right\">20 \u20ac<\/span><\/li>\n<li><span class=\"left\">Kirurginen haavanhoito<\/span><br \/>\n<span class=\"right\">30 \u20ac<\/span><\/li>\n<\/ul>\n<p>[\/vc_column_text][\/vc_column][\/vc_row][vc_row hide_bg_image_on_tablet=&#8221;&#8221; hide_bg_image_on_mobile=&#8221;&#8221; css=&#8221;.vc_custom_1516003277380{margin-top: 50px !important;margin-bottom: 25px !important;}&#8221;][vc_column][vc_column_text]<\/p>\n<h6 style=\"text-align: left;\"><strong>Protetiikka<\/strong><\/h6>\n<p>[\/vc_column_text][\/vc_column][\/vc_row][vc_row el_class=&#8221;hinnad-list-row&#8221;][vc_column width=&#8221;7\/12&#8243; el_class=&#8221;hinnad-nimetus&#8221;][vc_column_text]<\/p>\n<ul>\n<li style=\"list-style: none;\"><span class=\"left\">Alginaattij\u00e4ljenn\u00f6s<\/span><br \/>\n<span class=\"right\">30 \u20ac<\/span><\/li>\n<li><span class=\"left\">Tarkkuusj\u00e4ljenn\u00f6s<\/span><br \/>\n<span class=\"right\">40 \u20ac<\/span><\/li>\n<li><span class=\"left\">Yksil\u00f6llinen lusikka<\/span><br \/>\n<span class=\"right\">40 \u20ac<\/span><\/li>\n<li><span class=\"left\">V\u00e4liaikainen kruunu<\/span><br \/>\n<span class=\"right\">60 \u20ac<\/span><\/li>\n<li><span class=\"left\">V\u00e4liaikainen kruunu (CAD\/CAM)<\/span><br \/>\n<span class=\"right\">150 \u20ac<\/span><\/li>\n<li><span class=\"left\">Keraaminen t\u00e4yte (CAD\/CAM)<\/span><br \/>\n<span class=\"right\">500 \u20ac<\/span><\/li>\n<li><span class=\"left\">Keraaminen kruunu (CAD\/CAM)<\/span><br \/>\n<span class=\"right\">800 \u20ac<\/span><\/li>\n<li><span class=\"left\">Keraaminen laminaatti (CAD\/CAM)<\/span><br \/>\n<span class=\"right\">800 \u20ac<\/span><\/li>\n<li><span class=\"left\">Zirkonium-kruunu (CAD\/CAM)<\/span><br \/>\n<span class=\"right\">600 \u20ac<\/span><\/li>\n<li><span class=\"left\">Metallokeraaminen kruunu<\/span><br \/>\n<span class=\"right\">400 \u20ac<\/span><\/li>\n<li><span class=\"left\">Teleskooppikruunu<\/span><br \/>\n<span class=\"right\">400 \u20ac<\/span><\/li>\n<li><span class=\"left\">Lasikuituvahvisteinen kevytsilta<\/span><br \/>\n<span class=\"right\">300 \u20ac<\/span><\/li>\n<li><span class=\"left\">Akryyliosaproteesi<\/span><br \/>\n<span class=\"right\">500 \u20ac<\/span><\/li>\n<li><span class=\"left\">Metallirunkoinen osaproteesi (rankaproteesi)<\/span><br \/>\n<span class=\"right\">1000 \u20ac<\/span><\/li>\n<li><span class=\"left\">Kokoproteesi<\/span><br \/>\n<span class=\"right\">500 \u20ac<\/span><\/li>\n<li><span class=\"left\">V\u00e4liaikainen Maryland-silta (CAD\/CAM)<\/span><br \/>\n<span class=\"right\">200 \u20ac<\/span><\/li>\n<li><span class=\"left\">Kiinnitys komposiittisementill\u00e4<\/span><br \/>\n<span class=\"right\">40 \u20ac<\/span><\/li>\n<li><span class=\"left\">Kiinnitys ionomeerisementill\u00e4<\/span><br \/>\n<span class=\"right\">30 \u20ac<\/span><\/li>\n<li><span class=\"left\">V\u00e4likainen kiinnitys<\/span><br \/>\n<span class=\"right\">20 \u20ac<\/span><\/li>\n<li><span class=\"left\">Diagnostiset kipsimallit (2 kpl)<\/span><br \/>\n<span class=\"right\">44 \u20ac<\/span><\/li>\n<li><span class=\"left\">Suunnittelumallit (1 hammas)<\/span><br \/>\n<span class=\"right\">20 \u20ac<\/span><\/li>\n<li><span class=\"left\">Proteesin korjaus<\/span><br \/>\n<span class=\"right\">100 \u20ac<\/span><\/li>\n<li><span class=\"left\">Proteesin pohjaus<\/span><br \/>\n<span class=\"right\">100 \u20ac<\/span><\/li>\n<li><span class=\"left\">Hampaan lis\u00e4\u00e4minen proteesiin<\/span><br \/>\n<span class=\"right\">100 \u20ac<\/span><\/li>\n<li><span class=\"left\">Hammaskruunun poisto<\/span><br \/>\n<span class=\"right\">25 \u20ac<\/span><\/li>\n<li><span class=\"left\">Purentakisko<\/span><br \/>\n<span class=\"right\">130 \u20ac<\/span><\/li>\n<li><span class=\"left\">Implanttikisko<\/span><br \/>\n<span class=\"right\">90 \u20ac<\/span><\/li>\n<li><span class=\"left\">Essix-oikomiskoje<\/span><br \/>\n<span class=\"right\">99 \u20ac<\/span><\/li>\n<li><span class=\"left\">Kumitiivisteiden vaihto MDI-proteesiin<\/span><br \/>\n<span class=\"right\">40 \u20ac<\/span><\/li>\n<\/ul>\n<p>[\/vc_column_text][\/vc_column][\/vc_row][vc_row hide_bg_image_on_tablet=&#8221;&#8221; hide_bg_image_on_mobile=&#8221;&#8221; css=&#8221;.vc_custom_1516003430508{margin-top: 50px !important;margin-bottom: 25px !important;}&#8221;][vc_column][vc_column_text]<\/p>\n<h6 style=\"text-align: left;\"><strong>Iensairauksien hoito<\/strong><\/h6>\n<p>[\/vc_column_text][\/vc_column][\/vc_row][vc_row el_class=&#8221;hinnad-list-row&#8221;][vc_column width=&#8221;7\/12&#8243; el_class=&#8221;hinnad-nimetus&#8221;][vc_column_text]<\/p>\n<ul>\n<li style=\"list-style: none;\"><span class=\"left\">Tarkastus<\/span><br \/>\n<span class=\"right\">25 \u20ac<\/span><\/li>\n<li><span class=\"left\">Paradontologinen kiskotus<\/span><br \/>\n<span class=\"right\">90 \u20ac<\/span><\/li>\n<li><span class=\"left\">Hammaskiven poisto (1 hammas)<\/span><br \/>\n<span class=\"right\">8 \u20ac<\/span><\/li>\n<li><span class=\"left\">Hammaskiven poisto ikenen alta (1 hammas)<\/span><br \/>\n<span class=\"right\">18 \u20ac<\/span><\/li>\n<li><span class=\"left\">Ienleikkaus<\/span><br \/>\n<span class=\"right\">350 \u20ac<\/span><\/li>\n<li><span class=\"left\">Luukorvikeaineen lis\u00e4\u00e4minen leikkauksessa<\/span><br \/>\n<span class=\"right\">130 \u20ac<\/span><\/li>\n<\/ul>\n<p>[\/vc_column_text][\/vc_column][\/vc_row][vc_row hide_bg_image_on_tablet=&#8221;&#8221; hide_bg_image_on_mobile=&#8221;&#8221; css=&#8221;.vc_custom_1516003560871{margin-top: 50px !important;margin-bottom: 25px !important;}&#8221;][vc_column][vc_column_text]<\/p>\n<h6 style=\"text-align: left;\"><strong>Laserhammashoito<\/strong><\/h6>\n<p>[\/vc_column_text][\/vc_column][\/vc_row][vc_row el_class=&#8221;hinnad-list-row&#8221;][vc_column width=&#8221;7\/12&#8243; el_class=&#8221;hinnad-nimetus&#8221;][vc_column_text el_class=&#8221;hinnad-list-row&#8221;]<\/p>\n<ul>\n<li style=\"list-style: none;\"><span class=\"left\">Ikenen muotoilu (yksi hammas)<\/span><br \/>\n<span class=\"right\">15 \u20ac<\/span><\/li>\n<li><span class=\"left\">Huuli- tai kielij\u00e4nteen katkaisu<\/span><br \/>\n<span class=\"right\">44 \u20ac<\/span><\/li>\n<li><span class=\"left\">Herpeksen tai haavauminen (aftojen) hoito<\/span><br \/>\n<span class=\"right\">32 \u20ac<\/span><\/li>\n<li><span class=\"left\">Sidekudoskasvaimien (fibrooma) poisto<\/span><br \/>\n<span class=\"right\">45 \u20ac<\/span><\/li>\n<li><span class=\"left\">Ientulehduksen laserhoito<\/span><br \/>\n<span class=\"right\">31 \u20ac<\/span><\/li>\n<li><span class=\"left\">Perikoroniitin laserhoito\/span&gt;<br \/>\n<span class=\"right\">31 \u20ac<\/span><\/span><\/li>\n<\/ul>\n<p>[\/vc_column_text][\/vc_column][\/vc_row]<\/p>\n<\/div>","protected":false},"excerpt":{"rendered":"<p>[vc_row hide_bg_image_on_tablet=&#8221;&#8221; hide_bg_image_on_mobile=&#8221;&#8221; css=&#8221;.vc_custom_1516789411694{margin-top: -50px !important;margin-bottom: 25px !important;}&#8221; el_class=&#8221;hinnad-row-main-class&#8221;][vc_column][vc_column_text] Hammastarkastus ja kuvantaminen [\/vc_column_text][\/vc_column][\/vc_row][vc_row hide_bg_image_on_tablet=&#8221;&#8221; hide_bg_image_on_mobile=&#8221;&#8221; el_class=&#8221;hinnad-list-row&#8221;][vc_column width=&#8221;7\/12&#8243; hide_bg_image_on_tablet=&#8221;&#8221; hide_bg_image_on_mobile=&#8221;&#8221; el_class=&#8221;hinnad-nimetus&#8221;][vc_column_text] Ensimm\u00e4inen tarkastus 70 \u20ac Tarkastus (ohjaus) 50 \u20ac Suun perustutkimus ja panoraamakuvaus 100 \u20ac Kirjallinen hoitosuunnitelma 60 \u20ac Digitaalinen hammasr\u00f6ntgen 20 \u20ac Digitaalinen panoraamakuvaus (OPTG) 35 \u20ac 3D-kuvantaminen 80 \u20ac Pintapuudutus 10 \u20ac Infiltraatiopuudutus 20 \u20ac Peruuttamaton vastaanottoaika (ei voimassa,&hellip;<\/p>\n","protected":false},"author":4,"featured_media":0,"parent":0,"menu_order":0,"comment_status":"closed","ping_status":"closed","template":"","meta":{"footnotes":""},"class_list":["post-1092","page","type-page","status-publish","hentry"],"yoast_head":"<!-- This site is optimized with the Yoast SEO plugin v24.6 - https:\/\/yoast.com\/wordpress\/plugins\/seo\/ -->\n<title>Hinnasto - Dentix Hambakliinik<\/title>\n<meta name=\"robots\" content=\"index, follow, max-snippet:-1, max-image-preview:large, max-video-preview:-1\" \/>\n<link rel=\"canonical\" href=\"https:\/\/dentix.ee\/fi\/hinnad\/\" \/>\n<meta property=\"og:locale\" content=\"fi_FI\" \/>\n<meta property=\"og:type\" content=\"article\" \/>\n<meta property=\"og:title\" content=\"Hinnasto - Dentix Hambakliinik\" \/>\n<meta property=\"og:description\" content=\"[vc_row hide_bg_image_on_tablet=&#8221;&#8221; hide_bg_image_on_mobile=&#8221;&#8221; css=&#8221;.vc_custom_1516789411694{margin-top: -50px !important;margin-bottom: 25px !important;}&#8221; el_class=&#8221;hinnad-row-main-class&#8221;][vc_column][vc_column_text] Hammastarkastus ja kuvantaminen [\/vc_column_text][\/vc_column][\/vc_row][vc_row hide_bg_image_on_tablet=&#8221;&#8221; hide_bg_image_on_mobile=&#8221;&#8221; el_class=&#8221;hinnad-list-row&#8221;][vc_column width=&#8221;7\/12&#8243; hide_bg_image_on_tablet=&#8221;&#8221; hide_bg_image_on_mobile=&#8221;&#8221; el_class=&#8221;hinnad-nimetus&#8221;][vc_column_text] Ensimm\u00e4inen tarkastus 70 \u20ac Tarkastus (ohjaus) 50 \u20ac Suun perustutkimus ja panoraamakuvaus 100 \u20ac Kirjallinen hoitosuunnitelma 60 \u20ac Digitaalinen hammasr\u00f6ntgen 20 \u20ac Digitaalinen panoraamakuvaus (OPTG) 35 \u20ac 3D-kuvantaminen 80 \u20ac Pintapuudutus 10 \u20ac Infiltraatiopuudutus 20 \u20ac Peruuttamaton vastaanottoaika (ei voimassa,&hellip;\" \/>\n<meta property=\"og:url\" content=\"https:\/\/dentix.ee\/fi\/hinnad\/\" \/>\n<meta property=\"og:site_name\" content=\"Dentix Hambakliinik\" \/>\n<meta property=\"article:modified_time\" content=\"2025-08-19T11:39:05+00:00\" \/>\n<meta name=\"twitter:card\" content=\"summary_large_image\" \/>\n<meta name=\"twitter:label1\" content=\"Arvioitu lukuaika\" \/>\n\t<meta name=\"twitter:data1\" content=\"4 minuuttia\" \/>\n<script type=\"application\/ld+json\" class=\"yoast-schema-graph\">{\"@context\":\"https:\/\/schema.org\",\"@graph\":[{\"@type\":\"WebPage\",\"@id\":\"https:\/\/dentix.ee\/fi\/hinnad\/\",\"url\":\"https:\/\/dentix.ee\/fi\/hinnad\/\",\"name\":\"Hinnasto - Dentix Hambakliinik\",\"isPartOf\":{\"@id\":\"https:\/\/dentix.ee\/#website\"},\"datePublished\":\"2018-02-14T22:11:37+00:00\",\"dateModified\":\"2025-08-19T11:39:05+00:00\",\"breadcrumb\":{\"@id\":\"https:\/\/dentix.ee\/fi\/hinnad\/#breadcrumb\"},\"inLanguage\":\"fi\",\"potentialAction\":[{\"@type\":\"ReadAction\",\"target\":[\"https:\/\/dentix.ee\/fi\/hinnad\/\"]}]},{\"@type\":\"BreadcrumbList\",\"@id\":\"https:\/\/dentix.ee\/fi\/hinnad\/#breadcrumb\",\"itemListElement\":[{\"@type\":\"ListItem\",\"position\":1,\"name\":\"Home\",\"item\":\"https:\/\/dentix.ee\/\"},{\"@type\":\"ListItem\",\"position\":2,\"name\":\"Hinnasto\"}]},{\"@type\":\"WebSite\",\"@id\":\"https:\/\/dentix.ee\/#website\",\"url\":\"https:\/\/dentix.ee\/\",\"name\":\"Dentix Hambakliinik\",\"description\":\"Kogenud arstidega hambakliinik\",\"potentialAction\":[{\"@type\":\"SearchAction\",\"target\":{\"@type\":\"EntryPoint\",\"urlTemplate\":\"https:\/\/dentix.ee\/?s={search_term_string}\"},\"query-input\":{\"@type\":\"PropertyValueSpecification\",\"valueRequired\":true,\"valueName\":\"search_term_string\"}}],\"inLanguage\":\"fi\"}]}<\/script>\n<!-- \/ Yoast SEO plugin. -->","yoast_head_json":{"title":"Hinnasto - Dentix Hambakliinik","robots":{"index":"index","follow":"follow","max-snippet":"max-snippet:-1","max-image-preview":"max-image-preview:large","max-video-preview":"max-video-preview:-1"},"canonical":"https:\/\/dentix.ee\/fi\/hinnad\/","og_locale":"fi_FI","og_type":"article","og_title":"Hinnasto - Dentix Hambakliinik","og_description":"[vc_row hide_bg_image_on_tablet=&#8221;&#8221; hide_bg_image_on_mobile=&#8221;&#8221; css=&#8221;.vc_custom_1516789411694{margin-top: -50px !important;margin-bottom: 25px !important;}&#8221; el_class=&#8221;hinnad-row-main-class&#8221;][vc_column][vc_column_text] Hammastarkastus ja kuvantaminen [\/vc_column_text][\/vc_column][\/vc_row][vc_row hide_bg_image_on_tablet=&#8221;&#8221; hide_bg_image_on_mobile=&#8221;&#8221; el_class=&#8221;hinnad-list-row&#8221;][vc_column width=&#8221;7\/12&#8243; hide_bg_image_on_tablet=&#8221;&#8221; hide_bg_image_on_mobile=&#8221;&#8221; el_class=&#8221;hinnad-nimetus&#8221;][vc_column_text] Ensimm\u00e4inen tarkastus 70 \u20ac Tarkastus (ohjaus) 50 \u20ac Suun perustutkimus ja panoraamakuvaus 100 \u20ac Kirjallinen hoitosuunnitelma 60 \u20ac Digitaalinen hammasr\u00f6ntgen 20 \u20ac Digitaalinen panoraamakuvaus (OPTG) 35 \u20ac 3D-kuvantaminen 80 \u20ac Pintapuudutus 10 \u20ac Infiltraatiopuudutus 20 \u20ac Peruuttamaton vastaanottoaika (ei voimassa,&hellip;","og_url":"https:\/\/dentix.ee\/fi\/hinnad\/","og_site_name":"Dentix Hambakliinik","article_modified_time":"2025-08-19T11:39:05+00:00","twitter_card":"summary_large_image","twitter_misc":{"Arvioitu lukuaika":"4 minuuttia"},"schema":{"@context":"https:\/\/schema.org","@graph":[{"@type":"WebPage","@id":"https:\/\/dentix.ee\/fi\/hinnad\/","url":"https:\/\/dentix.ee\/fi\/hinnad\/","name":"Hinnasto - Dentix Hambakliinik","isPartOf":{"@id":"https:\/\/dentix.ee\/#website"},"datePublished":"2018-02-14T22:11:37+00:00","dateModified":"2025-08-19T11:39:05+00:00","breadcrumb":{"@id":"https:\/\/dentix.ee\/fi\/hinnad\/#breadcrumb"},"inLanguage":"fi","potentialAction":[{"@type":"ReadAction","target":["https:\/\/dentix.ee\/fi\/hinnad\/"]}]},{"@type":"BreadcrumbList","@id":"https:\/\/dentix.ee\/fi\/hinnad\/#breadcrumb","itemListElement":[{"@type":"ListItem","position":1,"name":"Home","item":"https:\/\/dentix.ee\/"},{"@type":"ListItem","position":2,"name":"Hinnasto"}]},{"@type":"WebSite","@id":"https:\/\/dentix.ee\/#website","url":"https:\/\/dentix.ee\/","name":"Dentix Hambakliinik","description":"Kogenud arstidega hambakliinik","potentialAction":[{"@type":"SearchAction","target":{"@type":"EntryPoint","urlTemplate":"https:\/\/dentix.ee\/?s={search_term_string}"},"query-input":{"@type":"PropertyValueSpecification","valueRequired":true,"valueName":"search_term_string"}}],"inLanguage":"fi"}]}},"_links":{"self":[{"href":"https:\/\/dentix.ee\/fi\/wp-json\/wp\/v2\/pages\/1092","targetHints":{"allow":["GET"]}}],"collection":[{"href":"https:\/\/dentix.ee\/fi\/wp-json\/wp\/v2\/pages"}],"about":[{"href":"https:\/\/dentix.ee\/fi\/wp-json\/wp\/v2\/types\/page"}],"author":[{"embeddable":true,"href":"https:\/\/dentix.ee\/fi\/wp-json\/wp\/v2\/users\/4"}],"replies":[{"embeddable":true,"href":"https:\/\/dentix.ee\/fi\/wp-json\/wp\/v2\/comments?post=1092"}],"version-history":[{"count":33,"href":"https:\/\/dentix.ee\/fi\/wp-json\/wp\/v2\/pages\/1092\/revisions"}],"predecessor-version":[{"id":3267,"href":"https:\/\/dentix.ee\/fi\/wp-json\/wp\/v2\/pages\/1092\/revisions\/3267"}],"wp:attachment":[{"href":"https:\/\/dentix.ee\/fi\/wp-json\/wp\/v2\/media?parent=1092"}],"curies":[{"name":"wp","href":"https:\/\/api.w.org\/{rel}","templated":true}]}}