{"id":1152,"date":"2018-02-18T15:07:24","date_gmt":"2018-02-18T13:07:24","guid":{"rendered":"https:\/\/dentix.ee\/?page_id=1152"},"modified":"2018-04-01T17:50:14","modified_gmt":"2018-04-01T14:50:14","slug":"broneeri-arg","status":"publish","type":"page","link":"https:\/\/dentix.ee\/fi\/broneeri-arg\/","title":{"rendered":"Broneeri aeg"},"content":{"rendered":"<div class=\"wpb-content-wrapper\"><p>[vc_row][vc_column]<div class=\"sc_layouts sc_layouts_default sc_layouts_976\">[vc_row hide_bg_image_on_tablet=\"\" hide_bg_image_on_mobile=\"\" css=\".vc_custom_1516028186642{margin-top: -25px !important;margin-bottom: 50px !important;}\"][vc_column width=\"1\/6\" icons_position=\"left\"][\/vc_column][vc_column width=\"2\/3\" icons_position=\"left\"][vc_column_text]\r\n<h2 class=\"sc_item_title sc_title_title sc_align_left sc_item_title_style_default\" style=\"text-align: center;\">Sinu mure leiab lahenduse.<\/h2>\r\n[\/vc_column_text][vc_column_text]\r\n<p style=\"text-align: center;\">Pole vahet, kas otsid kiiret leevendust ootamatult tabanud hambavalule v\u00f5i uut ja usaldusv\u00e4\u00e4rset hambaarsti \u2013 meie kliiniku uksed on Sinu jaoks avatud.<\/p>\r\n[\/vc_column_text][\/vc_column][vc_column width=\"1\/6\" icons_position=\"left\"][\/vc_column][\/vc_row][vc_row][vc_column icons_position=\"left\"][vc_column_text css=\"\"]\r\n<div class=\"booking-calendar\">  <div class=\"hp-calendar-container\">\n    <div class=\"hp-calendar\" data-clinics=\"\" data-default_service=\"\" \n\t\t\tdata-metainfo=\"MS41LjEw\" get_next_if_nothing=\"\" show_location=\"\" show_clinic=\"\" data-default_clinic=\"\" apix=\"0\">    <\/div>\n    <div class=\"hp-calendar-info\">\n    <\/div>\n  <\/div>\n<\/div>\r\n[\/vc_column_text][\/vc_column][\/vc_row]<\/div>[\/vc_column][\/vc_row]<\/p>\n<\/div>","protected":false},"excerpt":{"rendered":"<p>[vc_row][vc_column][\/vc_column][\/vc_row]<\/p>\n","protected":false},"author":4,"featured_media":0,"parent":0,"menu_order":0,"comment_status":"closed","ping_status":"closed","template":"","meta":{"footnotes":""},"class_list":["post-1152","page","type-page","status-publish","hentry"],"yoast_head":"<!-- This site is optimized with the Yoast SEO plugin v24.6 - https:\/\/yoast.com\/wordpress\/plugins\/seo\/ -->\n<title>Broneeri aeg - Dentix Hambakliinik<\/title>\n<meta name=\"robots\" content=\"index, follow, max-snippet:-1, max-image-preview:large, max-video-preview:-1\" \/>\n<link rel=\"canonical\" href=\"https:\/\/dentix.ee\/broneeri-aeg\/\" \/>\n<meta property=\"og:locale\" content=\"fi_FI\" \/>\n<meta property=\"og:type\" content=\"article\" \/>\n<meta property=\"og:title\" content=\"Broneeri aeg - Dentix Hambakliinik\" \/>\n<meta property=\"og:description\" content=\"[vc_row][vc_column][\/vc_column][\/vc_row]\" \/>\n<meta property=\"og:url\" content=\"https:\/\/dentix.ee\/broneeri-aeg\/\" \/>\n<meta property=\"og:site_name\" content=\"Dentix Hambakliinik\" \/>\n<meta property=\"article:modified_time\" content=\"2018-04-01T14:50:14+00:00\" \/>\n<meta name=\"twitter:card\" content=\"summary_large_image\" \/>\n<script type=\"application\/ld+json\" class=\"yoast-schema-graph\">{\"@context\":\"https:\/\/schema.org\",\"@graph\":[{\"@type\":\"WebPage\",\"@id\":\"https:\/\/dentix.ee\/broneeri-aeg\/\",\"url\":\"https:\/\/dentix.ee\/broneeri-aeg\/\",\"name\":\"Broneeri aeg - Dentix Hambakliinik\",\"isPartOf\":{\"@id\":\"https:\/\/dentix.ee\/#website\"},\"datePublished\":\"2018-02-18T13:07:24+00:00\",\"dateModified\":\"2018-04-01T14:50:14+00:00\",\"breadcrumb\":{\"@id\":\"https:\/\/dentix.ee\/broneeri-aeg\/#breadcrumb\"},\"inLanguage\":\"fi\",\"potentialAction\":[{\"@type\":\"ReadAction\",\"target\":[\"https:\/\/dentix.ee\/broneeri-aeg\/\"]}]},{\"@type\":\"BreadcrumbList\",\"@id\":\"https:\/\/dentix.ee\/broneeri-aeg\/#breadcrumb\",\"itemListElement\":[{\"@type\":\"ListItem\",\"position\":1,\"name\":\"Home\",\"item\":\"https:\/\/dentix.ee\/\"},{\"@type\":\"ListItem\",\"position\":2,\"name\":\"Broneeri aeg\"}]},{\"@type\":\"WebSite\",\"@id\":\"https:\/\/dentix.ee\/#website\",\"url\":\"https:\/\/dentix.ee\/\",\"name\":\"Dentix Hambakliinik\",\"description\":\"Kogenud arstidega hambakliinik\",\"potentialAction\":[{\"@type\":\"SearchAction\",\"target\":{\"@type\":\"EntryPoint\",\"urlTemplate\":\"https:\/\/dentix.ee\/?s={search_term_string}\"},\"query-input\":{\"@type\":\"PropertyValueSpecification\",\"valueRequired\":true,\"valueName\":\"search_term_string\"}}],\"inLanguage\":\"fi\"}]}<\/script>\n<!-- \/ Yoast SEO plugin. -->","yoast_head_json":{"title":"Broneeri aeg - Dentix Hambakliinik","robots":{"index":"index","follow":"follow","max-snippet":"max-snippet:-1","max-image-preview":"max-image-preview:large","max-video-preview":"max-video-preview:-1"},"canonical":"https:\/\/dentix.ee\/broneeri-aeg\/","og_locale":"fi_FI","og_type":"article","og_title":"Broneeri aeg - Dentix Hambakliinik","og_description":"[vc_row][vc_column][\/vc_column][\/vc_row]","og_url":"https:\/\/dentix.ee\/broneeri-aeg\/","og_site_name":"Dentix Hambakliinik","article_modified_time":"2018-04-01T14:50:14+00:00","twitter_card":"summary_large_image","schema":{"@context":"https:\/\/schema.org","@graph":[{"@type":"WebPage","@id":"https:\/\/dentix.ee\/broneeri-aeg\/","url":"https:\/\/dentix.ee\/broneeri-aeg\/","name":"Broneeri aeg - Dentix Hambakliinik","isPartOf":{"@id":"https:\/\/dentix.ee\/#website"},"datePublished":"2018-02-18T13:07:24+00:00","dateModified":"2018-04-01T14:50:14+00:00","breadcrumb":{"@id":"https:\/\/dentix.ee\/broneeri-aeg\/#breadcrumb"},"inLanguage":"fi","potentialAction":[{"@type":"ReadAction","target":["https:\/\/dentix.ee\/broneeri-aeg\/"]}]},{"@type":"BreadcrumbList","@id":"https:\/\/dentix.ee\/broneeri-aeg\/#breadcrumb","itemListElement":[{"@type":"ListItem","position":1,"name":"Home","item":"https:\/\/dentix.ee\/"},{"@type":"ListItem","position":2,"name":"Broneeri aeg"}]},{"@type":"WebSite","@id":"https:\/\/dentix.ee\/#website","url":"https:\/\/dentix.ee\/","name":"Dentix Hambakliinik","description":"Kogenud arstidega hambakliinik","potentialAction":[{"@type":"SearchAction","target":{"@type":"EntryPoint","urlTemplate":"https:\/\/dentix.ee\/?s={search_term_string}"},"query-input":{"@type":"PropertyValueSpecification","valueRequired":true,"valueName":"search_term_string"}}],"inLanguage":"fi"}]}},"_links":{"self":[{"href":"https:\/\/dentix.ee\/fi\/wp-json\/wp\/v2\/pages\/1152","targetHints":{"allow":["GET"]}}],"collection":[{"href":"https:\/\/dentix.ee\/fi\/wp-json\/wp\/v2\/pages"}],"about":[{"href":"https:\/\/dentix.ee\/fi\/wp-json\/wp\/v2\/types\/page"}],"author":[{"embeddable":true,"href":"https:\/\/dentix.ee\/fi\/wp-json\/wp\/v2\/users\/4"}],"replies":[{"embeddable":true,"href":"https:\/\/dentix.ee\/fi\/wp-json\/wp\/v2\/comments?post=1152"}],"version-history":[{"count":3,"href":"https:\/\/dentix.ee\/fi\/wp-json\/wp\/v2\/pages\/1152\/revisions"}],"predecessor-version":[{"id":1416,"href":"https:\/\/dentix.ee\/fi\/wp-json\/wp\/v2\/pages\/1152\/revisions\/1416"}],"wp:attachment":[{"href":"https:\/\/dentix.ee\/fi\/wp-json\/wp\/v2\/media?parent=1152"}],"curies":[{"name":"wp","href":"https:\/\/api.w.org\/{rel}","templated":true}]}}